{"id":488,"date":"2023-04-19T23:34:41","date_gmt":"2023-04-19T23:34:41","guid":{"rendered":"https:\/\/oceanblueluxury.com\/?page_id=488"},"modified":"2026-04-28T15:15:14","modified_gmt":"2026-04-28T15:15:14","slug":"reservations","status":"publish","type":"page","link":"https:\/\/oceanblueluxury.com\/?page_id=488","title":{"rendered":"Reservations"},"content":{"rendered":"\t\t<div data-elementor-type=\"wp-page\" data-elementor-id=\"488\" class=\"elementor elementor-488\">\n\t\t\t\t\t\t<section class=\"elementor-section elementor-top-section elementor-element elementor-element-b88da8c elementor-section-boxed elementor-section-height-default elementor-section-height-default\" data-id=\"b88da8c\" data-element_type=\"section\" data-e-type=\"section\">\n\t\t\t\t\t\t<div class=\"elementor-container elementor-column-gap-default\">\n\t\t\t\t\t<div class=\"elementor-column elementor-col-100 elementor-top-column elementor-element elementor-element-c79ead9\" data-id=\"c79ead9\" data-element_type=\"column\" data-e-type=\"column\">\n\t\t\t<div class=\"elementor-widget-wrap elementor-element-populated\">\n\t\t\t\t\t\t<div class=\"elementor-element elementor-element-645c035 elementor-widget elementor-widget-html\" data-id=\"645c035\" data-element_type=\"widget\" data-e-type=\"widget\" data-widget_type=\"html.default\">\n\t\t\t\t<div class=\"elementor-widget-container\">\n\t\t\t\t\t<a href=\"https:\/\/book.mylimobiz.com\/v4\/oblue\" data-ores-widget=\"website\" data-ores-alias=\"oblue\">Online Reservations<\/a>\n<script type=\"text\/javascript\" src=\"https:\/\/book.mylimobiz.com\/v4\/widgets\/widget-loader.js\"><\/script>\t\t\t\t<\/div>\n\t\t\t\t<\/div>\n\t\t\t\t\t<\/div>\n\t\t<\/div>\n\t\t\t\t\t<\/div>\n\t\t<\/section>\n\t\t\t\t<\/div>\n\t\t","protected":false},"excerpt":{"rendered":"<p>Online Reservations Tutustu laajaan valikoimaan kasinopelej\u00e4 ja urheiluvedonly\u00f6nti\u00e4 Qbetiss\u00e4. \u0395\u03be\u03b5\u03c1\u03b5\u03cd\u03bd\u03b7\u03c3\u03b5 \u03bc\u03b9\u03b1 \u03bc\u03b5\u03b3\u03ac\u03bb\u03b7 \u03c0\u03bf\u03b9\u03ba\u03b9\u03bb\u03af\u03b1 \u03c0\u03b1\u03b9\u03c7\u03bd\u03b9\u03b4\u03b9\u03ce\u03bd \u03ba\u03b1\u03b6\u03af\u03bd\u03bf \u03ba\u03b1\u03b9 \u03b4\u03b9\u03b1\u03c3\u03ba\u03ad\u03b4\u03b1\u03c3\u03b5 \u03bc\u03b5 \u03c4\u03b7\u03bd Betsson. Experience the thrill of online casino games with SlotsVader. D\u00e9couvrez l&#8217;univers de BigClash et plongez dans une exp\u00e9rience de jeu inoubliable. Opplev spenningen med et bredt utvalg av spill og underholdning hos RoosterBet. Discover expert&hellip;&nbsp;<a href=\"https:\/\/oceanblueluxury.com\/?page_id=488\" rel=\"bookmark\">Read More &raquo;<span class=\"screen-reader-text\">Reservations<\/span><\/a><\/p>\n","protected":false},"author":1,"featured_media":0,"parent":0,"menu_order":0,"comment_status":"closed","ping_status":"closed","template":"page-templates\/template-pagebuilder-full-width.php","meta":{"om_disable_all_campaigns":false,"_monsterinsights_skip_tracking":false,"_monsterinsights_sitenote_active":false,"_monsterinsights_sitenote_note":"","_monsterinsights_sitenote_category":0,"neve_meta_sidebar":"","neve_meta_container":"","neve_meta_enable_content_width":"","neve_meta_content_width":0,"neve_meta_title_alignment":"","neve_meta_author_avatar":"","neve_post_elements_order":"","neve_meta_disable_header":"","neve_meta_disable_footer":"","neve_meta_disable_title":"","footnotes":""},"class_list":["post-488","page","type-page","status-publish","hentry"],"aioseo_notices":[],"yoast_head":"<!-- This site is optimized with the Yoast SEO plugin v25.6 - https:\/\/yoast.com\/wordpress\/plugins\/seo\/ -->\n<title>Reservations - Ocean Blue Luxury<\/title>\n<meta name=\"robots\" content=\"index, follow, max-snippet:-1, max-image-preview:large, max-video-preview:-1\" \/>\n<link rel=\"canonical\" href=\"https:\/\/oceanblueluxury.com\/?page_id=488\" \/>\n<meta property=\"og:locale\" content=\"en_US\" \/>\n<meta property=\"og:type\" content=\"article\" \/>\n<meta property=\"og:title\" content=\"Reservations - Ocean Blue Luxury\" \/>\n<meta property=\"og:description\" content=\"Online Reservations Tutustu laajaan valikoimaan kasinopelej\u00e4 ja urheiluvedonly\u00f6nti\u00e4 Qbetiss\u00e4. \u0395\u03be\u03b5\u03c1\u03b5\u03cd\u03bd\u03b7\u03c3\u03b5 \u03bc\u03b9\u03b1 \u03bc\u03b5\u03b3\u03ac\u03bb\u03b7 \u03c0\u03bf\u03b9\u03ba\u03b9\u03bb\u03af\u03b1 \u03c0\u03b1\u03b9\u03c7\u03bd\u03b9\u03b4\u03b9\u03ce\u03bd \u03ba\u03b1\u03b6\u03af\u03bd\u03bf \u03ba\u03b1\u03b9 \u03b4\u03b9\u03b1\u03c3\u03ba\u03ad\u03b4\u03b1\u03c3\u03b5 \u03bc\u03b5 \u03c4\u03b7\u03bd Betsson. Experience the thrill of online casino games with SlotsVader. D\u00e9couvrez l&#8217;univers de BigClash et plongez dans une exp\u00e9rience de jeu inoubliable. Opplev spenningen med et bredt utvalg av spill og underholdning hos RoosterBet. Discover expert&hellip;&nbsp;Read More &raquo;Reservations\" \/>\n<meta property=\"og:url\" content=\"https:\/\/oceanblueluxury.com\/?page_id=488\" \/>\n<meta property=\"og:site_name\" content=\"Ocean Blue Luxury\" \/>\n<meta property=\"article:modified_time\" content=\"2026-04-28T15:15:14+00:00\" \/>\n<meta property=\"og:image\" content=\"https:\/\/oceanblueluxury.com\/wp-content\/uploads\/2023\/04\/LOGO-PERFIL.png\" \/>\n\t<meta property=\"og:image:width\" content=\"800\" \/>\n\t<meta property=\"og:image:height\" content=\"800\" \/>\n\t<meta property=\"og:image:type\" content=\"image\/png\" \/>\n<meta name=\"twitter:card\" content=\"summary_large_image\" \/>\n<meta name=\"twitter:label1\" content=\"Est. reading time\" \/>\n\t<meta name=\"twitter:data1\" content=\"2 minutes\" \/>\n<script type=\"application\/ld+json\" class=\"yoast-schema-graph\">{\"@context\":\"https:\/\/schema.org\",\"@graph\":[{\"@type\":\"WebPage\",\"@id\":\"https:\/\/oceanblueluxury.com\/?page_id=488\",\"url\":\"https:\/\/oceanblueluxury.com\/?page_id=488\",\"name\":\"Reservations - Ocean Blue Luxury\",\"isPartOf\":{\"@id\":\"https:\/\/oceanblueluxury.com\/#website\"},\"datePublished\":\"2023-04-19T23:34:41+00:00\",\"dateModified\":\"2026-04-28T15:15:14+00:00\",\"breadcrumb\":{\"@id\":\"https:\/\/oceanblueluxury.com\/?page_id=488#breadcrumb\"},\"inLanguage\":\"en-US\",\"potentialAction\":[{\"@type\":\"ReadAction\",\"target\":[\"https:\/\/oceanblueluxury.com\/?page_id=488\"]}]},{\"@type\":\"BreadcrumbList\",\"@id\":\"https:\/\/oceanblueluxury.com\/?page_id=488#breadcrumb\",\"itemListElement\":[{\"@type\":\"ListItem\",\"position\":1,\"name\":\"Portada\",\"item\":\"https:\/\/oceanblueluxury.com\/\"},{\"@type\":\"ListItem\",\"position\":2,\"name\":\"Reservations\"}]},{\"@type\":\"WebSite\",\"@id\":\"https:\/\/oceanblueluxury.com\/#website\",\"url\":\"https:\/\/oceanblueluxury.com\/\",\"name\":\"Ocean Blue Luxury\",\"description\":\"We are a luxury transportation and limo service company operating in Los Angeles, Orange, and San Diego. If you need a pickup or drop-off at LAX, we are your best choice. If you&#039;re visiting Disneyland or Universal Studios Hollywood, we can take you there.\",\"publisher\":{\"@id\":\"https:\/\/oceanblueluxury.com\/#organization\"},\"alternateName\":\"Ocean Blue Luxury - LAX\",\"potentialAction\":[{\"@type\":\"SearchAction\",\"target\":{\"@type\":\"EntryPoint\",\"urlTemplate\":\"https:\/\/oceanblueluxury.com\/?s={search_term_string}\"},\"query-input\":{\"@type\":\"PropertyValueSpecification\",\"valueRequired\":true,\"valueName\":\"search_term_string\"}}],\"inLanguage\":\"en-US\"},{\"@type\":\"Organization\",\"@id\":\"https:\/\/oceanblueluxury.com\/#organization\",\"name\":\"Ocean Blue Luxury\",\"url\":\"https:\/\/oceanblueluxury.com\/\",\"logo\":{\"@type\":\"ImageObject\",\"inLanguage\":\"en-US\",\"@id\":\"https:\/\/oceanblueluxury.com\/#\/schema\/logo\/image\/\",\"url\":\"https:\/\/oceanblueluxury.com\/wp-content\/uploads\/2023\/03\/logo.png\",\"contentUrl\":\"https:\/\/oceanblueluxury.com\/wp-content\/uploads\/2023\/03\/logo.png\",\"width\":365,\"height\":112,\"caption\":\"Ocean Blue Luxury\"},\"image\":{\"@id\":\"https:\/\/oceanblueluxury.com\/#\/schema\/logo\/image\/\"}}]}<\/script>\n<!-- \/ Yoast SEO plugin. -->","yoast_head_json":{"title":"Reservations - Ocean Blue Luxury","robots":{"index":"index","follow":"follow","max-snippet":"max-snippet:-1","max-image-preview":"max-image-preview:large","max-video-preview":"max-video-preview:-1"},"canonical":"https:\/\/oceanblueluxury.com\/?page_id=488","og_locale":"en_US","og_type":"article","og_title":"Reservations - Ocean Blue Luxury","og_description":"Online Reservations Tutustu laajaan valikoimaan kasinopelej\u00e4 ja urheiluvedonly\u00f6nti\u00e4 Qbetiss\u00e4. \u0395\u03be\u03b5\u03c1\u03b5\u03cd\u03bd\u03b7\u03c3\u03b5 \u03bc\u03b9\u03b1 \u03bc\u03b5\u03b3\u03ac\u03bb\u03b7 \u03c0\u03bf\u03b9\u03ba\u03b9\u03bb\u03af\u03b1 \u03c0\u03b1\u03b9\u03c7\u03bd\u03b9\u03b4\u03b9\u03ce\u03bd \u03ba\u03b1\u03b6\u03af\u03bd\u03bf \u03ba\u03b1\u03b9 \u03b4\u03b9\u03b1\u03c3\u03ba\u03ad\u03b4\u03b1\u03c3\u03b5 \u03bc\u03b5 \u03c4\u03b7\u03bd Betsson. Experience the thrill of online casino games with SlotsVader. D\u00e9couvrez l&#8217;univers de BigClash et plongez dans une exp\u00e9rience de jeu inoubliable. Opplev spenningen med et bredt utvalg av spill og underholdning hos RoosterBet. Discover expert&hellip;&nbsp;Read More &raquo;Reservations","og_url":"https:\/\/oceanblueluxury.com\/?page_id=488","og_site_name":"Ocean Blue Luxury","article_modified_time":"2026-04-28T15:15:14+00:00","og_image":[{"width":800,"height":800,"url":"https:\/\/oceanblueluxury.com\/wp-content\/uploads\/2023\/04\/LOGO-PERFIL.png","type":"image\/png"}],"twitter_card":"summary_large_image","twitter_misc":{"Est. reading time":"2 minutes"},"schema":{"@context":"https:\/\/schema.org","@graph":[{"@type":"WebPage","@id":"https:\/\/oceanblueluxury.com\/?page_id=488","url":"https:\/\/oceanblueluxury.com\/?page_id=488","name":"Reservations - Ocean Blue Luxury","isPartOf":{"@id":"https:\/\/oceanblueluxury.com\/#website"},"datePublished":"2023-04-19T23:34:41+00:00","dateModified":"2026-04-28T15:15:14+00:00","breadcrumb":{"@id":"https:\/\/oceanblueluxury.com\/?page_id=488#breadcrumb"},"inLanguage":"en-US","potentialAction":[{"@type":"ReadAction","target":["https:\/\/oceanblueluxury.com\/?page_id=488"]}]},{"@type":"BreadcrumbList","@id":"https:\/\/oceanblueluxury.com\/?page_id=488#breadcrumb","itemListElement":[{"@type":"ListItem","position":1,"name":"Portada","item":"https:\/\/oceanblueluxury.com\/"},{"@type":"ListItem","position":2,"name":"Reservations"}]},{"@type":"WebSite","@id":"https:\/\/oceanblueluxury.com\/#website","url":"https:\/\/oceanblueluxury.com\/","name":"Ocean Blue Luxury","description":"We are a luxury transportation and limo service company operating in Los Angeles, Orange, and San Diego. If you need a pickup or drop-off at LAX, we are your best choice. If you&#039;re visiting Disneyland or Universal Studios Hollywood, we can take you there.","publisher":{"@id":"https:\/\/oceanblueluxury.com\/#organization"},"alternateName":"Ocean Blue Luxury - LAX","potentialAction":[{"@type":"SearchAction","target":{"@type":"EntryPoint","urlTemplate":"https:\/\/oceanblueluxury.com\/?s={search_term_string}"},"query-input":{"@type":"PropertyValueSpecification","valueRequired":true,"valueName":"search_term_string"}}],"inLanguage":"en-US"},{"@type":"Organization","@id":"https:\/\/oceanblueluxury.com\/#organization","name":"Ocean Blue Luxury","url":"https:\/\/oceanblueluxury.com\/","logo":{"@type":"ImageObject","inLanguage":"en-US","@id":"https:\/\/oceanblueluxury.com\/#\/schema\/logo\/image\/","url":"https:\/\/oceanblueluxury.com\/wp-content\/uploads\/2023\/03\/logo.png","contentUrl":"https:\/\/oceanblueluxury.com\/wp-content\/uploads\/2023\/03\/logo.png","width":365,"height":112,"caption":"Ocean Blue Luxury"},"image":{"@id":"https:\/\/oceanblueluxury.com\/#\/schema\/logo\/image\/"}}]}},"_links":{"self":[{"href":"https:\/\/oceanblueluxury.com\/index.php?rest_route=\/wp\/v2\/pages\/488"}],"collection":[{"href":"https:\/\/oceanblueluxury.com\/index.php?rest_route=\/wp\/v2\/pages"}],"about":[{"href":"https:\/\/oceanblueluxury.com\/index.php?rest_route=\/wp\/v2\/types\/page"}],"author":[{"embeddable":true,"href":"https:\/\/oceanblueluxury.com\/index.php?rest_route=\/wp\/v2\/users\/1"}],"replies":[{"embeddable":true,"href":"https:\/\/oceanblueluxury.com\/index.php?rest_route=%2Fwp%2Fv2%2Fcomments&post=488"}],"version-history":[{"count":37,"href":"https:\/\/oceanblueluxury.com\/index.php?rest_route=\/wp\/v2\/pages\/488\/revisions"}],"predecessor-version":[{"id":69536,"href":"https:\/\/oceanblueluxury.com\/index.php?rest_route=\/wp\/v2\/pages\/488\/revisions\/69536"}],"wp:attachment":[{"href":"https:\/\/oceanblueluxury.com\/index.php?rest_route=%2Fwp%2Fv2%2Fmedia&parent=488"}],"curies":[{"name":"wp","href":"https:\/\/api.w.org\/{rel}","templated":true}]}}